{"id":6654,"date":"2023-12-27T09:36:27","date_gmt":"2023-12-27T06:36:27","guid":{"rendered":"https:\/\/uxstudio.com.tr\/enntepe\/?page_id=6654"},"modified":"2024-02-28T14:29:03","modified_gmt":"2024-02-28T11:29:03","slug":"musteri-aydinlatma-metni","status":"publish","type":"page","link":"https:\/\/enntepe.com\/en\/musteri-aydinlatma-metni\/","title":{"rendered":"M\u00fc\u015fteri Ayd\u0131nlatma Metni"},"content":{"rendered":"<p class=\"qtranxs-available-languages-message qtranxs-available-languages-message-en\">Sorry, this entry is only available in <a href=\"https:\/\/enntepe.com\/tr\/wp-json\/wp\/v2\/pages\/6654\" class=\"qtranxs-available-language-link qtranxs-available-language-link-tr\" title=\"TR\">TR<\/a>.<\/p>","protected":false},"excerpt":{"rendered":"<p>Sorry, this entry is only available in TR.<\/p>\n","protected":false},"author":1,"featured_media":0,"parent":0,"menu_order":0,"comment_status":"closed","ping_status":"closed","template":"","meta":{"footnotes":""},"class_list":["post-6654","page","type-page","status-publish","hentry"],"_links":{"self":[{"href":"https:\/\/enntepe.com\/en\/wp-json\/wp\/v2\/pages\/6654","targetHints":{"allow":["GET"]}}],"collection":[{"href":"https:\/\/enntepe.com\/en\/wp-json\/wp\/v2\/pages"}],"about":[{"href":"https:\/\/enntepe.com\/en\/wp-json\/wp\/v2\/types\/page"}],"author":[{"embeddable":true,"href":"https:\/\/enntepe.com\/en\/wp-json\/wp\/v2\/users\/1"}],"replies":[{"embeddable":true,"href":"https:\/\/enntepe.com\/en\/wp-json\/wp\/v2\/comments?post=6654"}],"version-history":[{"count":6,"href":"https:\/\/enntepe.com\/en\/wp-json\/wp\/v2\/pages\/6654\/revisions"}],"predecessor-version":[{"id":7652,"href":"https:\/\/enntepe.com\/en\/wp-json\/wp\/v2\/pages\/6654\/revisions\/7652"}],"wp:attachment":[{"href":"https:\/\/enntepe.com\/en\/wp-json\/wp\/v2\/media?parent=6654"}],"curies":[{"name":"wp","href":"https:\/\/api.w.org\/{rel}","templated":true}]}}