{"id":6660,"date":"2023-12-27T09:42:17","date_gmt":"2023-12-27T06:42:17","guid":{"rendered":"https:\/\/uxstudio.com.tr\/enntepe\/?page_id=6660"},"modified":"2024-02-28T14:29:37","modified_gmt":"2024-02-28T11:29:37","slug":"kisisel-verilerin-korunmasi-ve-islenmesi-politikasi","status":"publish","type":"page","link":"https:\/\/enntepe.com\/en\/kisisel-verilerin-korunmasi-ve-islenmesi-politikasi\/","title":{"rendered":"Ki\u015fisel Verilerin Korunmas\u0131 ve \u0130\u015flenmesi Politikas\u0131"},"content":{"rendered":"<p class=\"qtranxs-available-languages-message qtranxs-available-languages-message-en\">Sorry, this entry is only available in <a href=\"https:\/\/enntepe.com\/tr\/wp-json\/wp\/v2\/pages\/6660\" class=\"qtranxs-available-language-link qtranxs-available-language-link-tr\" title=\"TR\">TR<\/a>.<\/p>","protected":false},"excerpt":{"rendered":"<p>Sorry, this entry is only available in TR.<\/p>\n","protected":false},"author":1,"featured_media":0,"parent":0,"menu_order":0,"comment_status":"closed","ping_status":"closed","template":"","meta":{"footnotes":""},"class_list":["post-6660","page","type-page","status-publish","hentry"],"_links":{"self":[{"href":"https:\/\/enntepe.com\/en\/wp-json\/wp\/v2\/pages\/6660","targetHints":{"allow":["GET"]}}],"collection":[{"href":"https:\/\/enntepe.com\/en\/wp-json\/wp\/v2\/pages"}],"about":[{"href":"https:\/\/enntepe.com\/en\/wp-json\/wp\/v2\/types\/page"}],"author":[{"embeddable":true,"href":"https:\/\/enntepe.com\/en\/wp-json\/wp\/v2\/users\/1"}],"replies":[{"embeddable":true,"href":"https:\/\/enntepe.com\/en\/wp-json\/wp\/v2\/comments?post=6660"}],"version-history":[{"count":2,"href":"https:\/\/enntepe.com\/en\/wp-json\/wp\/v2\/pages\/6660\/revisions"}],"predecessor-version":[{"id":6662,"href":"https:\/\/enntepe.com\/en\/wp-json\/wp\/v2\/pages\/6660\/revisions\/6662"}],"wp:attachment":[{"href":"https:\/\/enntepe.com\/en\/wp-json\/wp\/v2\/media?parent=6660"}],"curies":[{"name":"wp","href":"https:\/\/api.w.org\/{rel}","templated":true}]}}