{"id":7924,"date":"2025-01-08T16:01:19","date_gmt":"2025-01-08T13:01:19","guid":{"rendered":"https:\/\/enntepe.com\/?page_id=7924"},"modified":"2025-01-14T14:37:25","modified_gmt":"2025-01-14T11:37:25","slug":"somestr-etkinligi","status":"publish","type":"page","link":"https:\/\/enntepe.com\/en\/somestrfun\/","title":{"rendered":"S\u00d6MESTR ETK\u0130NL\u0130\u011e\u0130"},"content":{"rendered":"<p class=\"qtranxs-available-languages-message qtranxs-available-languages-message-en\">Sorry, this entry is only available in <a href=\"https:\/\/enntepe.com\/tr\/wp-json\/wp\/v2\/pages\/7924\" class=\"qtranxs-available-language-link qtranxs-available-language-link-tr\" title=\"TR\">TR<\/a>.<\/p>","protected":false},"excerpt":{"rendered":"<p>Sorry, this entry is only available in TR.<\/p>\n","protected":false},"author":2,"featured_media":0,"parent":0,"menu_order":0,"comment_status":"closed","ping_status":"closed","template":"","meta":{"footnotes":""},"class_list":["post-7924","page","type-page","status-publish","hentry"],"_links":{"self":[{"href":"https:\/\/enntepe.com\/en\/wp-json\/wp\/v2\/pages\/7924","targetHints":{"allow":["GET"]}}],"collection":[{"href":"https:\/\/enntepe.com\/en\/wp-json\/wp\/v2\/pages"}],"about":[{"href":"https:\/\/enntepe.com\/en\/wp-json\/wp\/v2\/types\/page"}],"author":[{"embeddable":true,"href":"https:\/\/enntepe.com\/en\/wp-json\/wp\/v2\/users\/2"}],"replies":[{"embeddable":true,"href":"https:\/\/enntepe.com\/en\/wp-json\/wp\/v2\/comments?post=7924"}],"version-history":[{"count":12,"href":"https:\/\/enntepe.com\/en\/wp-json\/wp\/v2\/pages\/7924\/revisions"}],"predecessor-version":[{"id":7944,"href":"https:\/\/enntepe.com\/en\/wp-json\/wp\/v2\/pages\/7924\/revisions\/7944"}],"wp:attachment":[{"href":"https:\/\/enntepe.com\/en\/wp-json\/wp\/v2\/media?parent=7924"}],"curies":[{"name":"wp","href":"https:\/\/api.w.org\/{rel}","templated":true}]}}